{"id":1684,"date":"2026-01-28T13:59:22","date_gmt":"2026-01-28T13:59:22","guid":{"rendered":"https:\/\/orion-seasons.eu\/product\/velikonocni-zajcek-modra-34-cm\/"},"modified":"2026-03-26T11:33:59","modified_gmt":"2026-03-26T11:33:59","slug":"velikonocni-zajcek-modra-34-cm","status":"publish","type":"product","link":"https:\/\/orion-seasons.eu\/sl\/izdelek\/velikonocni-zajcek-modra-34-cm\/","title":{"rendered":"VELIKONO\u010cNI ZAJ\u010cEK &#8211; MODRI 34 cm"},"content":{"rendered":"<p>Vi\u0161ina je pribli\u017eno 34 cm.<\/p>\n","protected":false},"excerpt":{"rendered":"<p>S svojim naravnim videzom in prikupno obliko se popolnoma prilega vsaki pomladni in velikono\u010dni dekoraciji.<\/p>\n","protected":false},"featured_media":1685,"comment_status":"closed","ping_status":"closed","template":"","meta":{"_acf_changed":false},"product_brand":[],"product_cat":[117,116],"product_tag":[],"class_list":{"0":"post-1684","1":"product","2":"type-product","3":"status-publish","4":"has-post-thumbnail","6":"product_cat-kokosi-zajci-in-leseni-okraski","7":"product_cat-velikonocne-dekoracije","9":"first","10":"outofstock","11":"taxable","12":"shipping-taxable","13":"product-type-simple"},"acf":[],"yoast_head":"<!-- This site is optimized with the Yoast SEO plugin v27.0 - https:\/\/yoast.com\/product\/yoast-seo-wordpress\/ -->\n<title>VELIKONO\u010cNI ZAJ\u010cEK - MODRI 34 cm - Orion Seasons<\/title>\n<meta name=\"robots\" content=\"index, follow, max-snippet:-1, max-image-preview:large, max-video-preview:-1\" \/>\n<link rel=\"canonical\" href=\"https:\/\/orion-seasons.eu\/sl\/izdelek\/velikonocni-zajcek-modra-34-cm\/\" \/>\n<meta property=\"og:locale\" content=\"sl_SI\" \/>\n<meta property=\"og:type\" content=\"article\" \/>\n<meta property=\"og:title\" content=\"VELIKONO\u010cNI ZAJ\u010cEK - MODRI 34 cm - Orion Seasons\" \/>\n<meta property=\"og:description\" content=\"S svojim naravnim videzom in prikupno obliko se popolnoma prilega vsaki pomladni in velikono\u010dni dekoraciji.\" \/>\n<meta property=\"og:url\" content=\"https:\/\/orion-seasons.eu\/sl\/izdelek\/velikonocni-zajcek-modra-34-cm\/\" \/>\n<meta property=\"og:site_name\" content=\"Orion Seasons\" \/>\n<meta property=\"article:modified_time\" content=\"2026-03-26T11:33:59+00:00\" \/>\n<meta property=\"og:image\" content=\"https:\/\/orion-seasons.eu\/wp-content\/uploads\/2026\/01\/2228.jpg\" \/>\n\t<meta property=\"og:image:width\" content=\"1000\" \/>\n\t<meta property=\"og:image:height\" content=\"1000\" \/>\n\t<meta property=\"og:image:type\" content=\"image\/jpeg\" \/>\n<meta name=\"twitter:card\" content=\"summary_large_image\" \/>\n<meta name=\"twitter:label1\" content=\"Est. reading time\" \/>\n\t<meta name=\"twitter:data1\" content=\"1 minuta\" \/>\n<script type=\"application\/ld+json\" class=\"yoast-schema-graph\">{\"@context\":\"https:\/\/schema.org\",\"@graph\":[{\"@type\":\"WebPage\",\"@id\":\"https:\/\/orion-seasons.eu\/sl\/izdelek\/velikonocni-zajcek-modra-34-cm\/\",\"url\":\"https:\/\/orion-seasons.eu\/sl\/izdelek\/velikonocni-zajcek-modra-34-cm\/\",\"name\":\"VELIKONO\u010cNI ZAJ\u010cEK - MODRI 34 cm - Orion Seasons\",\"isPartOf\":{\"@id\":\"https:\/\/orion-seasons.eu\/#website\"},\"primaryImageOfPage\":{\"@id\":\"https:\/\/orion-seasons.eu\/sl\/izdelek\/velikonocni-zajcek-modra-34-cm\/#primaryimage\"},\"image\":{\"@id\":\"https:\/\/orion-seasons.eu\/sl\/izdelek\/velikonocni-zajcek-modra-34-cm\/#primaryimage\"},\"thumbnailUrl\":\"https:\/\/orion-seasons.eu\/wp-content\/uploads\/2026\/01\/2228.jpg\",\"datePublished\":\"2026-01-28T13:59:22+00:00\",\"dateModified\":\"2026-03-26T11:33:59+00:00\",\"breadcrumb\":{\"@id\":\"https:\/\/orion-seasons.eu\/sl\/izdelek\/velikonocni-zajcek-modra-34-cm\/#breadcrumb\"},\"inLanguage\":\"sl-SI\",\"potentialAction\":[{\"@type\":\"ReadAction\",\"target\":[\"https:\/\/orion-seasons.eu\/sl\/izdelek\/velikonocni-zajcek-modra-34-cm\/\"]}]},{\"@type\":\"ImageObject\",\"inLanguage\":\"sl-SI\",\"@id\":\"https:\/\/orion-seasons.eu\/sl\/izdelek\/velikonocni-zajcek-modra-34-cm\/#primaryimage\",\"url\":\"https:\/\/orion-seasons.eu\/wp-content\/uploads\/2026\/01\/2228.jpg\",\"contentUrl\":\"https:\/\/orion-seasons.eu\/wp-content\/uploads\/2026\/01\/2228.jpg\",\"width\":1000,\"height\":1000},{\"@type\":\"BreadcrumbList\",\"@id\":\"https:\/\/orion-seasons.eu\/sl\/izdelek\/velikonocni-zajcek-modra-34-cm\/#breadcrumb\",\"itemListElement\":[{\"@type\":\"ListItem\",\"position\":1,\"name\":\"Po\u010detna stranica\",\"item\":\"https:\/\/orion-seasons.eu\/sl\/domov\/\"},{\"@type\":\"ListItem\",\"position\":2,\"name\":\"Trgovina\",\"item\":\"https:\/\/orion-seasons.eu\/sl\/trgovina\/\"},{\"@type\":\"ListItem\",\"position\":3,\"name\":\"VELIKONO\u010cNI ZAJ\u010cEK &#8211; MODRI 34 cm\"}]},{\"@type\":\"WebSite\",\"@id\":\"https:\/\/orion-seasons.eu\/#website\",\"url\":\"https:\/\/orion-seasons.eu\/\",\"name\":\"Orion Seasons\",\"description\":\"\",\"publisher\":{\"@id\":\"https:\/\/orion-seasons.eu\/#organization\"},\"potentialAction\":[{\"@type\":\"SearchAction\",\"target\":{\"@type\":\"EntryPoint\",\"urlTemplate\":\"https:\/\/orion-seasons.eu\/?s={search_term_string}\"},\"query-input\":{\"@type\":\"PropertyValueSpecification\",\"valueRequired\":true,\"valueName\":\"search_term_string\"}}],\"inLanguage\":\"sl-SI\"},{\"@type\":\"Organization\",\"@id\":\"https:\/\/orion-seasons.eu\/#organization\",\"name\":\"Orion Seasons\",\"url\":\"https:\/\/orion-seasons.eu\/\",\"logo\":{\"@type\":\"ImageObject\",\"inLanguage\":\"sl-SI\",\"@id\":\"https:\/\/orion-seasons.eu\/#\/schema\/logo\/image\/\",\"url\":\"https:\/\/orion-seasons.eu\/wp-content\/uploads\/2025\/07\/orion-seasons-2.svg\",\"contentUrl\":\"https:\/\/orion-seasons.eu\/wp-content\/uploads\/2025\/07\/orion-seasons-2.svg\",\"width\":1,\"height\":1,\"caption\":\"Orion Seasons\"},\"image\":{\"@id\":\"https:\/\/orion-seasons.eu\/#\/schema\/logo\/image\/\"}}]}<\/script>\n<!-- \/ Yoast SEO plugin. -->","yoast_head_json":{"title":"VELIKONO\u010cNI ZAJ\u010cEK - MODRI 34 cm - Orion Seasons","robots":{"index":"index","follow":"follow","max-snippet":"max-snippet:-1","max-image-preview":"max-image-preview:large","max-video-preview":"max-video-preview:-1"},"canonical":"https:\/\/orion-seasons.eu\/sl\/izdelek\/velikonocni-zajcek-modra-34-cm\/","og_locale":"sl_SI","og_type":"article","og_title":"VELIKONO\u010cNI ZAJ\u010cEK - MODRI 34 cm - Orion Seasons","og_description":"S svojim naravnim videzom in prikupno obliko se popolnoma prilega vsaki pomladni in velikono\u010dni dekoraciji.","og_url":"https:\/\/orion-seasons.eu\/sl\/izdelek\/velikonocni-zajcek-modra-34-cm\/","og_site_name":"Orion Seasons","article_modified_time":"2026-03-26T11:33:59+00:00","og_image":[{"width":1000,"height":1000,"url":"https:\/\/orion-seasons.eu\/wp-content\/uploads\/2026\/01\/2228.jpg","type":"image\/jpeg"}],"twitter_card":"summary_large_image","twitter_misc":{"Est. reading time":"1 minuta"},"schema":{"@context":"https:\/\/schema.org","@graph":[{"@type":"WebPage","@id":"https:\/\/orion-seasons.eu\/sl\/izdelek\/velikonocni-zajcek-modra-34-cm\/","url":"https:\/\/orion-seasons.eu\/sl\/izdelek\/velikonocni-zajcek-modra-34-cm\/","name":"VELIKONO\u010cNI ZAJ\u010cEK - MODRI 34 cm - Orion Seasons","isPartOf":{"@id":"https:\/\/orion-seasons.eu\/#website"},"primaryImageOfPage":{"@id":"https:\/\/orion-seasons.eu\/sl\/izdelek\/velikonocni-zajcek-modra-34-cm\/#primaryimage"},"image":{"@id":"https:\/\/orion-seasons.eu\/sl\/izdelek\/velikonocni-zajcek-modra-34-cm\/#primaryimage"},"thumbnailUrl":"https:\/\/orion-seasons.eu\/wp-content\/uploads\/2026\/01\/2228.jpg","datePublished":"2026-01-28T13:59:22+00:00","dateModified":"2026-03-26T11:33:59+00:00","breadcrumb":{"@id":"https:\/\/orion-seasons.eu\/sl\/izdelek\/velikonocni-zajcek-modra-34-cm\/#breadcrumb"},"inLanguage":"sl-SI","potentialAction":[{"@type":"ReadAction","target":["https:\/\/orion-seasons.eu\/sl\/izdelek\/velikonocni-zajcek-modra-34-cm\/"]}]},{"@type":"ImageObject","inLanguage":"sl-SI","@id":"https:\/\/orion-seasons.eu\/sl\/izdelek\/velikonocni-zajcek-modra-34-cm\/#primaryimage","url":"https:\/\/orion-seasons.eu\/wp-content\/uploads\/2026\/01\/2228.jpg","contentUrl":"https:\/\/orion-seasons.eu\/wp-content\/uploads\/2026\/01\/2228.jpg","width":1000,"height":1000},{"@type":"BreadcrumbList","@id":"https:\/\/orion-seasons.eu\/sl\/izdelek\/velikonocni-zajcek-modra-34-cm\/#breadcrumb","itemListElement":[{"@type":"ListItem","position":1,"name":"Po\u010detna stranica","item":"https:\/\/orion-seasons.eu\/sl\/domov\/"},{"@type":"ListItem","position":2,"name":"Trgovina","item":"https:\/\/orion-seasons.eu\/sl\/trgovina\/"},{"@type":"ListItem","position":3,"name":"VELIKONO\u010cNI ZAJ\u010cEK &#8211; MODRI 34 cm"}]},{"@type":"WebSite","@id":"https:\/\/orion-seasons.eu\/#website","url":"https:\/\/orion-seasons.eu\/","name":"Orion Seasons","description":"","publisher":{"@id":"https:\/\/orion-seasons.eu\/#organization"},"potentialAction":[{"@type":"SearchAction","target":{"@type":"EntryPoint","urlTemplate":"https:\/\/orion-seasons.eu\/?s={search_term_string}"},"query-input":{"@type":"PropertyValueSpecification","valueRequired":true,"valueName":"search_term_string"}}],"inLanguage":"sl-SI"},{"@type":"Organization","@id":"https:\/\/orion-seasons.eu\/#organization","name":"Orion Seasons","url":"https:\/\/orion-seasons.eu\/","logo":{"@type":"ImageObject","inLanguage":"sl-SI","@id":"https:\/\/orion-seasons.eu\/#\/schema\/logo\/image\/","url":"https:\/\/orion-seasons.eu\/wp-content\/uploads\/2025\/07\/orion-seasons-2.svg","contentUrl":"https:\/\/orion-seasons.eu\/wp-content\/uploads\/2025\/07\/orion-seasons-2.svg","width":1,"height":1,"caption":"Orion Seasons"},"image":{"@id":"https:\/\/orion-seasons.eu\/#\/schema\/logo\/image\/"}}]}},"_links":{"self":[{"href":"https:\/\/orion-seasons.eu\/sl\/wp-json\/wp\/v2\/product\/1684","targetHints":{"allow":["GET"]}}],"collection":[{"href":"https:\/\/orion-seasons.eu\/sl\/wp-json\/wp\/v2\/product"}],"about":[{"href":"https:\/\/orion-seasons.eu\/sl\/wp-json\/wp\/v2\/types\/product"}],"replies":[{"embeddable":true,"href":"https:\/\/orion-seasons.eu\/sl\/wp-json\/wp\/v2\/comments?post=1684"}],"wp:featuredmedia":[{"embeddable":true,"href":"https:\/\/orion-seasons.eu\/sl\/wp-json\/wp\/v2\/media\/1685"}],"wp:attachment":[{"href":"https:\/\/orion-seasons.eu\/sl\/wp-json\/wp\/v2\/media?parent=1684"}],"wp:term":[{"taxonomy":"product_brand","embeddable":true,"href":"https:\/\/orion-seasons.eu\/sl\/wp-json\/wp\/v2\/product_brand?post=1684"},{"taxonomy":"product_cat","embeddable":true,"href":"https:\/\/orion-seasons.eu\/sl\/wp-json\/wp\/v2\/product_cat?post=1684"},{"taxonomy":"product_tag","embeddable":true,"href":"https:\/\/orion-seasons.eu\/sl\/wp-json\/wp\/v2\/product_tag?post=1684"}],"curies":[{"name":"wp","href":"https:\/\/api.w.org\/{rel}","templated":true}]}}