{"id":1809,"date":"2026-01-23T14:48:13","date_gmt":"2026-01-23T14:48:13","guid":{"rendered":"https:\/\/orion-seasons.eu\/product\/velikonocna-dekorativna-gel-nalepka-za-okno-250x142mm\/"},"modified":"2026-01-23T14:48:13","modified_gmt":"2026-01-23T14:48:13","slug":"velikonocna-dekorativna-gel-nalepka-za-okno-250x142mm","status":"publish","type":"product","link":"https:\/\/orion-seasons.eu\/sl\/izdelek\/velikonocna-dekorativna-gel-nalepka-za-okno-250x142mm\/","title":{"rendered":"VELIKONO\u010cNA DEKORATIVNA GEL NALEPKA ZA OKNO 250x142mm"},"content":{"rendered":"<p>Nalepke se enostavno pritrdijo na steklo in druge gladke povr\u0161ine, po potrebi pa jih je mogo\u010de odstraniti in ponovno uporabiti. Idealne so za okna, steklena vrata, ogledala ali otro\u0161ke sobe, kjer ustvarijo veselo prazni\u010dno zgodbo.<\/p>\n","protected":false},"excerpt":{"rendered":"<p>V trenutku polep\u0161ajte svoj dom z velikono\u010dnimi gel nalepkami za okna.<br \/>\nIgrivi prazni\u010dni motivi prina\u0161ajo veselje, barve in pomladno vzdu\u0161je v vsak prostor \u2013 brez nereda in zapletene namestitve.<\/p>\n","protected":false},"featured_media":1741,"comment_status":"closed","ping_status":"closed","template":"","meta":{"_acf_changed":false},"product_brand":[],"product_cat":[128,127,116],"product_tag":[],"class_list":{"0":"post-1809","1":"product","2":"type-product","3":"status-publish","4":"has-post-thumbnail","6":"product_cat-gelne-nalepke-za-okna","7":"product_cat-nalepke","8":"product_cat-velikonocne-dekoracije","10":"first","11":"outofstock","12":"taxable","13":"shipping-taxable","14":"product-type-simple"},"acf":[],"yoast_head":"<!-- This site is optimized with the Yoast SEO plugin v27.0 - https:\/\/yoast.com\/product\/yoast-seo-wordpress\/ -->\n<title>VELIKONO\u010cNA DEKORATIVNA GEL NALEPKA ZA OKNO 250x142mm - Orion Seasons<\/title>\n<meta name=\"robots\" content=\"index, follow, max-snippet:-1, max-image-preview:large, max-video-preview:-1\" \/>\n<link rel=\"canonical\" href=\"https:\/\/orion-seasons.eu\/sl\/izdelek\/velikonocna-dekorativna-gel-nalepka-za-okno-250x142mm\/\" \/>\n<meta property=\"og:locale\" content=\"sl_SI\" \/>\n<meta property=\"og:type\" content=\"article\" \/>\n<meta property=\"og:title\" content=\"VELIKONO\u010cNA DEKORATIVNA GEL NALEPKA ZA OKNO 250x142mm - Orion Seasons\" \/>\n<meta property=\"og:description\" content=\"V trenutku polep\u0161ajte svoj dom z velikono\u010dnimi gel nalepkami za okna.  Igrivi prazni\u010dni motivi prina\u0161ajo veselje, barve in pomladno vzdu\u0161je v vsak prostor \u2013 brez nereda in zapletene namestitve.\" \/>\n<meta property=\"og:url\" content=\"https:\/\/orion-seasons.eu\/sl\/izdelek\/velikonocna-dekorativna-gel-nalepka-za-okno-250x142mm\/\" \/>\n<meta property=\"og:site_name\" content=\"Orion Seasons\" \/>\n<meta property=\"og:image\" content=\"https:\/\/orion-seasons.eu\/wp-content\/uploads\/2026\/01\/2102a.jpg\" \/>\n\t<meta property=\"og:image:width\" content=\"1000\" \/>\n\t<meta property=\"og:image:height\" content=\"1000\" \/>\n\t<meta property=\"og:image:type\" content=\"image\/jpeg\" \/>\n<meta name=\"twitter:card\" content=\"summary_large_image\" \/>\n<script type=\"application\/ld+json\" class=\"yoast-schema-graph\">{\"@context\":\"https:\/\/schema.org\",\"@graph\":[{\"@type\":\"WebPage\",\"@id\":\"https:\/\/orion-seasons.eu\/sl\/izdelek\/velikonocna-dekorativna-gel-nalepka-za-okno-250x142mm\/\",\"url\":\"https:\/\/orion-seasons.eu\/sl\/izdelek\/velikonocna-dekorativna-gel-nalepka-za-okno-250x142mm\/\",\"name\":\"VELIKONO\u010cNA DEKORATIVNA GEL NALEPKA ZA OKNO 250x142mm - Orion Seasons\",\"isPartOf\":{\"@id\":\"https:\/\/orion-seasons.eu\/#website\"},\"primaryImageOfPage\":{\"@id\":\"https:\/\/orion-seasons.eu\/sl\/izdelek\/velikonocna-dekorativna-gel-nalepka-za-okno-250x142mm\/#primaryimage\"},\"image\":{\"@id\":\"https:\/\/orion-seasons.eu\/sl\/izdelek\/velikonocna-dekorativna-gel-nalepka-za-okno-250x142mm\/#primaryimage\"},\"thumbnailUrl\":\"https:\/\/orion-seasons.eu\/wp-content\/uploads\/2026\/01\/2102a.jpg\",\"datePublished\":\"2026-01-23T14:48:13+00:00\",\"breadcrumb\":{\"@id\":\"https:\/\/orion-seasons.eu\/sl\/izdelek\/velikonocna-dekorativna-gel-nalepka-za-okno-250x142mm\/#breadcrumb\"},\"inLanguage\":\"sl-SI\",\"potentialAction\":[{\"@type\":\"ReadAction\",\"target\":[\"https:\/\/orion-seasons.eu\/sl\/izdelek\/velikonocna-dekorativna-gel-nalepka-za-okno-250x142mm\/\"]}]},{\"@type\":\"ImageObject\",\"inLanguage\":\"sl-SI\",\"@id\":\"https:\/\/orion-seasons.eu\/sl\/izdelek\/velikonocna-dekorativna-gel-nalepka-za-okno-250x142mm\/#primaryimage\",\"url\":\"https:\/\/orion-seasons.eu\/wp-content\/uploads\/2026\/01\/2102a.jpg\",\"contentUrl\":\"https:\/\/orion-seasons.eu\/wp-content\/uploads\/2026\/01\/2102a.jpg\",\"width\":1000,\"height\":1000},{\"@type\":\"BreadcrumbList\",\"@id\":\"https:\/\/orion-seasons.eu\/sl\/izdelek\/velikonocna-dekorativna-gel-nalepka-za-okno-250x142mm\/#breadcrumb\",\"itemListElement\":[{\"@type\":\"ListItem\",\"position\":1,\"name\":\"Po\u010detna stranica\",\"item\":\"https:\/\/orion-seasons.eu\/sl\/domov\/\"},{\"@type\":\"ListItem\",\"position\":2,\"name\":\"Trgovina\",\"item\":\"https:\/\/orion-seasons.eu\/sl\/trgovina\/\"},{\"@type\":\"ListItem\",\"position\":3,\"name\":\"VELIKONO\u010cNA DEKORATIVNA GEL NALEPKA ZA OKNO 250x142mm\"}]},{\"@type\":\"WebSite\",\"@id\":\"https:\/\/orion-seasons.eu\/#website\",\"url\":\"https:\/\/orion-seasons.eu\/\",\"name\":\"Orion Seasons\",\"description\":\"\",\"publisher\":{\"@id\":\"https:\/\/orion-seasons.eu\/#organization\"},\"potentialAction\":[{\"@type\":\"SearchAction\",\"target\":{\"@type\":\"EntryPoint\",\"urlTemplate\":\"https:\/\/orion-seasons.eu\/?s={search_term_string}\"},\"query-input\":{\"@type\":\"PropertyValueSpecification\",\"valueRequired\":true,\"valueName\":\"search_term_string\"}}],\"inLanguage\":\"sl-SI\"},{\"@type\":\"Organization\",\"@id\":\"https:\/\/orion-seasons.eu\/#organization\",\"name\":\"Orion Seasons\",\"url\":\"https:\/\/orion-seasons.eu\/\",\"logo\":{\"@type\":\"ImageObject\",\"inLanguage\":\"sl-SI\",\"@id\":\"https:\/\/orion-seasons.eu\/#\/schema\/logo\/image\/\",\"url\":\"https:\/\/orion-seasons.eu\/wp-content\/uploads\/2025\/07\/orion-seasons-2.svg\",\"contentUrl\":\"https:\/\/orion-seasons.eu\/wp-content\/uploads\/2025\/07\/orion-seasons-2.svg\",\"width\":1,\"height\":1,\"caption\":\"Orion Seasons\"},\"image\":{\"@id\":\"https:\/\/orion-seasons.eu\/#\/schema\/logo\/image\/\"}}]}<\/script>\n<!-- \/ Yoast SEO plugin. -->","yoast_head_json":{"title":"VELIKONO\u010cNA DEKORATIVNA GEL NALEPKA ZA OKNO 250x142mm - Orion Seasons","robots":{"index":"index","follow":"follow","max-snippet":"max-snippet:-1","max-image-preview":"max-image-preview:large","max-video-preview":"max-video-preview:-1"},"canonical":"https:\/\/orion-seasons.eu\/sl\/izdelek\/velikonocna-dekorativna-gel-nalepka-za-okno-250x142mm\/","og_locale":"sl_SI","og_type":"article","og_title":"VELIKONO\u010cNA DEKORATIVNA GEL NALEPKA ZA OKNO 250x142mm - Orion Seasons","og_description":"V trenutku polep\u0161ajte svoj dom z velikono\u010dnimi gel nalepkami za okna.  Igrivi prazni\u010dni motivi prina\u0161ajo veselje, barve in pomladno vzdu\u0161je v vsak prostor \u2013 brez nereda in zapletene namestitve.","og_url":"https:\/\/orion-seasons.eu\/sl\/izdelek\/velikonocna-dekorativna-gel-nalepka-za-okno-250x142mm\/","og_site_name":"Orion Seasons","og_image":[{"width":1000,"height":1000,"url":"https:\/\/orion-seasons.eu\/wp-content\/uploads\/2026\/01\/2102a.jpg","type":"image\/jpeg"}],"twitter_card":"summary_large_image","schema":{"@context":"https:\/\/schema.org","@graph":[{"@type":"WebPage","@id":"https:\/\/orion-seasons.eu\/sl\/izdelek\/velikonocna-dekorativna-gel-nalepka-za-okno-250x142mm\/","url":"https:\/\/orion-seasons.eu\/sl\/izdelek\/velikonocna-dekorativna-gel-nalepka-za-okno-250x142mm\/","name":"VELIKONO\u010cNA DEKORATIVNA GEL NALEPKA ZA OKNO 250x142mm - Orion Seasons","isPartOf":{"@id":"https:\/\/orion-seasons.eu\/#website"},"primaryImageOfPage":{"@id":"https:\/\/orion-seasons.eu\/sl\/izdelek\/velikonocna-dekorativna-gel-nalepka-za-okno-250x142mm\/#primaryimage"},"image":{"@id":"https:\/\/orion-seasons.eu\/sl\/izdelek\/velikonocna-dekorativna-gel-nalepka-za-okno-250x142mm\/#primaryimage"},"thumbnailUrl":"https:\/\/orion-seasons.eu\/wp-content\/uploads\/2026\/01\/2102a.jpg","datePublished":"2026-01-23T14:48:13+00:00","breadcrumb":{"@id":"https:\/\/orion-seasons.eu\/sl\/izdelek\/velikonocna-dekorativna-gel-nalepka-za-okno-250x142mm\/#breadcrumb"},"inLanguage":"sl-SI","potentialAction":[{"@type":"ReadAction","target":["https:\/\/orion-seasons.eu\/sl\/izdelek\/velikonocna-dekorativna-gel-nalepka-za-okno-250x142mm\/"]}]},{"@type":"ImageObject","inLanguage":"sl-SI","@id":"https:\/\/orion-seasons.eu\/sl\/izdelek\/velikonocna-dekorativna-gel-nalepka-za-okno-250x142mm\/#primaryimage","url":"https:\/\/orion-seasons.eu\/wp-content\/uploads\/2026\/01\/2102a.jpg","contentUrl":"https:\/\/orion-seasons.eu\/wp-content\/uploads\/2026\/01\/2102a.jpg","width":1000,"height":1000},{"@type":"BreadcrumbList","@id":"https:\/\/orion-seasons.eu\/sl\/izdelek\/velikonocna-dekorativna-gel-nalepka-za-okno-250x142mm\/#breadcrumb","itemListElement":[{"@type":"ListItem","position":1,"name":"Po\u010detna stranica","item":"https:\/\/orion-seasons.eu\/sl\/domov\/"},{"@type":"ListItem","position":2,"name":"Trgovina","item":"https:\/\/orion-seasons.eu\/sl\/trgovina\/"},{"@type":"ListItem","position":3,"name":"VELIKONO\u010cNA DEKORATIVNA GEL NALEPKA ZA OKNO 250x142mm"}]},{"@type":"WebSite","@id":"https:\/\/orion-seasons.eu\/#website","url":"https:\/\/orion-seasons.eu\/","name":"Orion Seasons","description":"","publisher":{"@id":"https:\/\/orion-seasons.eu\/#organization"},"potentialAction":[{"@type":"SearchAction","target":{"@type":"EntryPoint","urlTemplate":"https:\/\/orion-seasons.eu\/?s={search_term_string}"},"query-input":{"@type":"PropertyValueSpecification","valueRequired":true,"valueName":"search_term_string"}}],"inLanguage":"sl-SI"},{"@type":"Organization","@id":"https:\/\/orion-seasons.eu\/#organization","name":"Orion Seasons","url":"https:\/\/orion-seasons.eu\/","logo":{"@type":"ImageObject","inLanguage":"sl-SI","@id":"https:\/\/orion-seasons.eu\/#\/schema\/logo\/image\/","url":"https:\/\/orion-seasons.eu\/wp-content\/uploads\/2025\/07\/orion-seasons-2.svg","contentUrl":"https:\/\/orion-seasons.eu\/wp-content\/uploads\/2025\/07\/orion-seasons-2.svg","width":1,"height":1,"caption":"Orion Seasons"},"image":{"@id":"https:\/\/orion-seasons.eu\/#\/schema\/logo\/image\/"}}]}},"_links":{"self":[{"href":"https:\/\/orion-seasons.eu\/sl\/wp-json\/wp\/v2\/product\/1809","targetHints":{"allow":["GET"]}}],"collection":[{"href":"https:\/\/orion-seasons.eu\/sl\/wp-json\/wp\/v2\/product"}],"about":[{"href":"https:\/\/orion-seasons.eu\/sl\/wp-json\/wp\/v2\/types\/product"}],"replies":[{"embeddable":true,"href":"https:\/\/orion-seasons.eu\/sl\/wp-json\/wp\/v2\/comments?post=1809"}],"wp:featuredmedia":[{"embeddable":true,"href":"https:\/\/orion-seasons.eu\/sl\/wp-json\/wp\/v2\/media\/1741"}],"wp:attachment":[{"href":"https:\/\/orion-seasons.eu\/sl\/wp-json\/wp\/v2\/media?parent=1809"}],"wp:term":[{"taxonomy":"product_brand","embeddable":true,"href":"https:\/\/orion-seasons.eu\/sl\/wp-json\/wp\/v2\/product_brand?post=1809"},{"taxonomy":"product_cat","embeddable":true,"href":"https:\/\/orion-seasons.eu\/sl\/wp-json\/wp\/v2\/product_cat?post=1809"},{"taxonomy":"product_tag","embeddable":true,"href":"https:\/\/orion-seasons.eu\/sl\/wp-json\/wp\/v2\/product_tag?post=1809"}],"curies":[{"name":"wp","href":"https:\/\/api.w.org\/{rel}","templated":true}]}}