{"id":2216,"date":"2025-09-28T16:10:54","date_gmt":"2025-09-28T16:10:54","guid":{"rendered":"https:\/\/orion-seasons.eu\/product\/velikonocni-dekorativni-komplet\/"},"modified":"2026-03-31T10:13:38","modified_gmt":"2026-03-31T08:13:38","slug":"velikonocni-dekorativni-komplet","status":"publish","type":"product","link":"https:\/\/orion-seasons.eu\/sl\/izdelek\/velikonocni-dekorativni-komplet\/","title":{"rendered":"VELIKONO\u010cNI DEKORATIVNI SET"},"content":{"rendered":"<p>Vse, kar potrebujete za barvita, ble\u0161\u010de\u010da in domiselna jajca, je v enem paketu.<br \/>\nIdealno za otroke in odrasle, za dru\u017einsko zabavo ali ustvarjanje posebnih daril.<br \/>\nS tem kompletom bodo va\u0161a velikono\u010dna jajca zasijala na povsem novi ravni in prinesla veselje ter barve v vsak dom!<\/p>\n<p>Izdelek vsebuje 4 gel barve, 6 kapsulnih barv, 40 dekorativnih nalepk, 1 vre\u010dko kristalov, blister z bisernimi ble\u0161\u010dicami, \u010darobno pisalo in 1 par enkratnih rokavic.<br \/>\nZasnovano za barvanje 120 jajc.<\/p>\n","protected":false},"excerpt":{"rendered":"<p>Spremenite barvanje in okra\u0161evanje jajc v pravo ustvarjalno pustolov\u0161\u010dino s tem celovitim dekorativnim kompletom!<\/p>\n","protected":false},"featured_media":2075,"comment_status":"closed","ping_status":"closed","template":"","meta":{"_acf_changed":false},"product_brand":[],"product_cat":[142,116],"product_tag":[],"class_list":{"0":"post-2216","1":"product","2":"type-product","3":"status-publish","4":"has-post-thumbnail","6":"product_cat-barvila-za-jajca","7":"product_cat-velikonocne-dekoracije","9":"first","10":"instock","11":"taxable","12":"shipping-taxable","13":"product-type-simple"},"acf":[],"yoast_head":"<!-- This site is optimized with the Yoast SEO plugin v27.0 - https:\/\/yoast.com\/product\/yoast-seo-wordpress\/ -->\n<title>VELIKONO\u010cNI DEKORATIVNI SET - Orion Seasons<\/title>\n<meta name=\"robots\" content=\"index, follow, max-snippet:-1, max-image-preview:large, max-video-preview:-1\" \/>\n<link rel=\"canonical\" href=\"https:\/\/orion-seasons.eu\/sl\/izdelek\/velikonocni-dekorativni-komplet\/\" \/>\n<meta property=\"og:locale\" content=\"sl_SI\" \/>\n<meta property=\"og:type\" content=\"article\" \/>\n<meta property=\"og:title\" content=\"VELIKONO\u010cNI DEKORATIVNI SET - Orion Seasons\" \/>\n<meta property=\"og:description\" content=\"Spremenite barvanje in okra\u0161evanje jajc v pravo ustvarjalno pustolov\u0161\u010dino s tem celovitim dekorativnim kompletom!\" \/>\n<meta property=\"og:url\" content=\"https:\/\/orion-seasons.eu\/sl\/izdelek\/velikonocni-dekorativni-komplet\/\" \/>\n<meta property=\"og:site_name\" content=\"Orion Seasons\" \/>\n<meta property=\"article:modified_time\" content=\"2026-03-31T08:13:38+00:00\" \/>\n<meta property=\"og:image\" content=\"https:\/\/orion-seasons.eu\/wp-content\/uploads\/2025\/09\/2332-USKRSNJI-DEKORATIVNI-SET-scaled.jpg\" \/>\n\t<meta property=\"og:image:width\" content=\"2560\" \/>\n\t<meta property=\"og:image:height\" content=\"2560\" \/>\n\t<meta property=\"og:image:type\" content=\"image\/jpeg\" \/>\n<meta name=\"twitter:card\" content=\"summary_large_image\" \/>\n<meta name=\"twitter:label1\" content=\"Est. reading time\" \/>\n\t<meta name=\"twitter:data1\" content=\"1 minuta\" \/>\n<script type=\"application\/ld+json\" class=\"yoast-schema-graph\">{\"@context\":\"https:\/\/schema.org\",\"@graph\":[{\"@type\":\"WebPage\",\"@id\":\"https:\/\/orion-seasons.eu\/sl\/izdelek\/velikonocni-dekorativni-komplet\/\",\"url\":\"https:\/\/orion-seasons.eu\/sl\/izdelek\/velikonocni-dekorativni-komplet\/\",\"name\":\"VELIKONO\u010cNI DEKORATIVNI SET - Orion Seasons\",\"isPartOf\":{\"@id\":\"https:\/\/orion-seasons.eu\/#website\"},\"primaryImageOfPage\":{\"@id\":\"https:\/\/orion-seasons.eu\/sl\/izdelek\/velikonocni-dekorativni-komplet\/#primaryimage\"},\"image\":{\"@id\":\"https:\/\/orion-seasons.eu\/sl\/izdelek\/velikonocni-dekorativni-komplet\/#primaryimage\"},\"thumbnailUrl\":\"https:\/\/orion-seasons.eu\/wp-content\/uploads\/2025\/09\/2332-USKRSNJI-DEKORATIVNI-SET-scaled.jpg\",\"datePublished\":\"2025-09-28T16:10:54+00:00\",\"dateModified\":\"2026-03-31T08:13:38+00:00\",\"breadcrumb\":{\"@id\":\"https:\/\/orion-seasons.eu\/sl\/izdelek\/velikonocni-dekorativni-komplet\/#breadcrumb\"},\"inLanguage\":\"sl-SI\",\"potentialAction\":[{\"@type\":\"ReadAction\",\"target\":[\"https:\/\/orion-seasons.eu\/sl\/izdelek\/velikonocni-dekorativni-komplet\/\"]}]},{\"@type\":\"ImageObject\",\"inLanguage\":\"sl-SI\",\"@id\":\"https:\/\/orion-seasons.eu\/sl\/izdelek\/velikonocni-dekorativni-komplet\/#primaryimage\",\"url\":\"https:\/\/orion-seasons.eu\/wp-content\/uploads\/2025\/09\/2332-USKRSNJI-DEKORATIVNI-SET-scaled.jpg\",\"contentUrl\":\"https:\/\/orion-seasons.eu\/wp-content\/uploads\/2025\/09\/2332-USKRSNJI-DEKORATIVNI-SET-scaled.jpg\",\"width\":2560,\"height\":2560},{\"@type\":\"BreadcrumbList\",\"@id\":\"https:\/\/orion-seasons.eu\/sl\/izdelek\/velikonocni-dekorativni-komplet\/#breadcrumb\",\"itemListElement\":[{\"@type\":\"ListItem\",\"position\":1,\"name\":\"Po\u010detna stranica\",\"item\":\"https:\/\/orion-seasons.eu\/sl\/domov\/\"},{\"@type\":\"ListItem\",\"position\":2,\"name\":\"Trgovina\",\"item\":\"https:\/\/orion-seasons.eu\/sl\/trgovina\/\"},{\"@type\":\"ListItem\",\"position\":3,\"name\":\"VELIKONO\u010cNI DEKORATIVNI SET\"}]},{\"@type\":\"WebSite\",\"@id\":\"https:\/\/orion-seasons.eu\/#website\",\"url\":\"https:\/\/orion-seasons.eu\/\",\"name\":\"Orion Seasons\",\"description\":\"\",\"publisher\":{\"@id\":\"https:\/\/orion-seasons.eu\/#organization\"},\"potentialAction\":[{\"@type\":\"SearchAction\",\"target\":{\"@type\":\"EntryPoint\",\"urlTemplate\":\"https:\/\/orion-seasons.eu\/?s={search_term_string}\"},\"query-input\":{\"@type\":\"PropertyValueSpecification\",\"valueRequired\":true,\"valueName\":\"search_term_string\"}}],\"inLanguage\":\"sl-SI\"},{\"@type\":\"Organization\",\"@id\":\"https:\/\/orion-seasons.eu\/#organization\",\"name\":\"Orion Seasons\",\"url\":\"https:\/\/orion-seasons.eu\/\",\"logo\":{\"@type\":\"ImageObject\",\"inLanguage\":\"sl-SI\",\"@id\":\"https:\/\/orion-seasons.eu\/#\/schema\/logo\/image\/\",\"url\":\"https:\/\/orion-seasons.eu\/wp-content\/uploads\/2025\/07\/orion-seasons-2.svg\",\"contentUrl\":\"https:\/\/orion-seasons.eu\/wp-content\/uploads\/2025\/07\/orion-seasons-2.svg\",\"width\":1,\"height\":1,\"caption\":\"Orion Seasons\"},\"image\":{\"@id\":\"https:\/\/orion-seasons.eu\/#\/schema\/logo\/image\/\"}}]}<\/script>\n<!-- \/ Yoast SEO plugin. -->","yoast_head_json":{"title":"VELIKONO\u010cNI DEKORATIVNI SET - Orion Seasons","robots":{"index":"index","follow":"follow","max-snippet":"max-snippet:-1","max-image-preview":"max-image-preview:large","max-video-preview":"max-video-preview:-1"},"canonical":"https:\/\/orion-seasons.eu\/sl\/izdelek\/velikonocni-dekorativni-komplet\/","og_locale":"sl_SI","og_type":"article","og_title":"VELIKONO\u010cNI DEKORATIVNI SET - Orion Seasons","og_description":"Spremenite barvanje in okra\u0161evanje jajc v pravo ustvarjalno pustolov\u0161\u010dino s tem celovitim dekorativnim kompletom!","og_url":"https:\/\/orion-seasons.eu\/sl\/izdelek\/velikonocni-dekorativni-komplet\/","og_site_name":"Orion Seasons","article_modified_time":"2026-03-31T08:13:38+00:00","og_image":[{"width":2560,"height":2560,"url":"https:\/\/orion-seasons.eu\/wp-content\/uploads\/2025\/09\/2332-USKRSNJI-DEKORATIVNI-SET-scaled.jpg","type":"image\/jpeg"}],"twitter_card":"summary_large_image","twitter_misc":{"Est. reading time":"1 minuta"},"schema":{"@context":"https:\/\/schema.org","@graph":[{"@type":"WebPage","@id":"https:\/\/orion-seasons.eu\/sl\/izdelek\/velikonocni-dekorativni-komplet\/","url":"https:\/\/orion-seasons.eu\/sl\/izdelek\/velikonocni-dekorativni-komplet\/","name":"VELIKONO\u010cNI DEKORATIVNI SET - Orion Seasons","isPartOf":{"@id":"https:\/\/orion-seasons.eu\/#website"},"primaryImageOfPage":{"@id":"https:\/\/orion-seasons.eu\/sl\/izdelek\/velikonocni-dekorativni-komplet\/#primaryimage"},"image":{"@id":"https:\/\/orion-seasons.eu\/sl\/izdelek\/velikonocni-dekorativni-komplet\/#primaryimage"},"thumbnailUrl":"https:\/\/orion-seasons.eu\/wp-content\/uploads\/2025\/09\/2332-USKRSNJI-DEKORATIVNI-SET-scaled.jpg","datePublished":"2025-09-28T16:10:54+00:00","dateModified":"2026-03-31T08:13:38+00:00","breadcrumb":{"@id":"https:\/\/orion-seasons.eu\/sl\/izdelek\/velikonocni-dekorativni-komplet\/#breadcrumb"},"inLanguage":"sl-SI","potentialAction":[{"@type":"ReadAction","target":["https:\/\/orion-seasons.eu\/sl\/izdelek\/velikonocni-dekorativni-komplet\/"]}]},{"@type":"ImageObject","inLanguage":"sl-SI","@id":"https:\/\/orion-seasons.eu\/sl\/izdelek\/velikonocni-dekorativni-komplet\/#primaryimage","url":"https:\/\/orion-seasons.eu\/wp-content\/uploads\/2025\/09\/2332-USKRSNJI-DEKORATIVNI-SET-scaled.jpg","contentUrl":"https:\/\/orion-seasons.eu\/wp-content\/uploads\/2025\/09\/2332-USKRSNJI-DEKORATIVNI-SET-scaled.jpg","width":2560,"height":2560},{"@type":"BreadcrumbList","@id":"https:\/\/orion-seasons.eu\/sl\/izdelek\/velikonocni-dekorativni-komplet\/#breadcrumb","itemListElement":[{"@type":"ListItem","position":1,"name":"Po\u010detna stranica","item":"https:\/\/orion-seasons.eu\/sl\/domov\/"},{"@type":"ListItem","position":2,"name":"Trgovina","item":"https:\/\/orion-seasons.eu\/sl\/trgovina\/"},{"@type":"ListItem","position":3,"name":"VELIKONO\u010cNI DEKORATIVNI SET"}]},{"@type":"WebSite","@id":"https:\/\/orion-seasons.eu\/#website","url":"https:\/\/orion-seasons.eu\/","name":"Orion Seasons","description":"","publisher":{"@id":"https:\/\/orion-seasons.eu\/#organization"},"potentialAction":[{"@type":"SearchAction","target":{"@type":"EntryPoint","urlTemplate":"https:\/\/orion-seasons.eu\/?s={search_term_string}"},"query-input":{"@type":"PropertyValueSpecification","valueRequired":true,"valueName":"search_term_string"}}],"inLanguage":"sl-SI"},{"@type":"Organization","@id":"https:\/\/orion-seasons.eu\/#organization","name":"Orion Seasons","url":"https:\/\/orion-seasons.eu\/","logo":{"@type":"ImageObject","inLanguage":"sl-SI","@id":"https:\/\/orion-seasons.eu\/#\/schema\/logo\/image\/","url":"https:\/\/orion-seasons.eu\/wp-content\/uploads\/2025\/07\/orion-seasons-2.svg","contentUrl":"https:\/\/orion-seasons.eu\/wp-content\/uploads\/2025\/07\/orion-seasons-2.svg","width":1,"height":1,"caption":"Orion Seasons"},"image":{"@id":"https:\/\/orion-seasons.eu\/#\/schema\/logo\/image\/"}}]}},"_links":{"self":[{"href":"https:\/\/orion-seasons.eu\/sl\/wp-json\/wp\/v2\/product\/2216","targetHints":{"allow":["GET"]}}],"collection":[{"href":"https:\/\/orion-seasons.eu\/sl\/wp-json\/wp\/v2\/product"}],"about":[{"href":"https:\/\/orion-seasons.eu\/sl\/wp-json\/wp\/v2\/types\/product"}],"replies":[{"embeddable":true,"href":"https:\/\/orion-seasons.eu\/sl\/wp-json\/wp\/v2\/comments?post=2216"}],"wp:featuredmedia":[{"embeddable":true,"href":"https:\/\/orion-seasons.eu\/sl\/wp-json\/wp\/v2\/media\/2075"}],"wp:attachment":[{"href":"https:\/\/orion-seasons.eu\/sl\/wp-json\/wp\/v2\/media?parent=2216"}],"wp:term":[{"taxonomy":"product_brand","embeddable":true,"href":"https:\/\/orion-seasons.eu\/sl\/wp-json\/wp\/v2\/product_brand?post=2216"},{"taxonomy":"product_cat","embeddable":true,"href":"https:\/\/orion-seasons.eu\/sl\/wp-json\/wp\/v2\/product_cat?post=2216"},{"taxonomy":"product_tag","embeddable":true,"href":"https:\/\/orion-seasons.eu\/sl\/wp-json\/wp\/v2\/product_tag?post=2216"}],"curies":[{"name":"wp","href":"https:\/\/api.w.org\/{rel}","templated":true}]}}