{"id":2920,"date":"2025-09-28T16:28:10","date_gmt":"2025-09-28T16:28:10","guid":{"rendered":"https:\/\/orion-seasons.eu\/product\/tekoca-barva-pastelni-ucinek\/"},"modified":"2026-03-31T10:04:32","modified_gmt":"2026-03-31T08:04:32","slug":"tekoca-barva-pastelni-ucinek","status":"publish","type":"product","link":"https:\/\/orion-seasons.eu\/sl\/izdelek\/tekoca-barva-pastelni-ucinek\/","title":{"rendered":"TEKO\u010cA BARVA &#8211; PASTELNI U\u010cINEK"},"content":{"rendered":"<p>Pobarvana jajca lahko po kuhanju in okra\u0161evanju zau\u017eijete brez skrbi.<br \/>\nBarve so na voljo v \u0161irokem naboru odtenkov.<br \/>\nSpremenite svojo velikono\u010dno ko\u0161arico v pravo majhno umetni\u0161ko galerijo in prinesite ve\u010d barvitosti v praznike!<\/p>\n<p>Izdelek vsebuje 5 barv.<br \/>\nZasnovano za barvanje 50 jajc.<\/p>\n","protected":false},"excerpt":{"rendered":"<p>Barve jajc prinesejo trajne odtenke, ki bodo va\u0161e velikono\u010dne okraske naredile posebne. Zaradi lahkega nanosa se barva enakomerno razporedi in ne pu\u0161\u010da made\u017eev.<\/p>\n","protected":false},"featured_media":2085,"comment_status":"closed","ping_status":"closed","template":"","meta":{"_acf_changed":false},"product_brand":[],"product_cat":[142,116],"product_tag":[],"class_list":{"0":"post-2920","1":"product","2":"type-product","3":"status-publish","4":"has-post-thumbnail","6":"product_cat-barvila-za-jajca","7":"product_cat-velikonocne-dekoracije","9":"first","10":"outofstock","11":"taxable","12":"shipping-taxable","13":"purchasable","14":"product-type-simple"},"acf":[],"yoast_head":"<!-- This site is optimized with the Yoast SEO plugin v27.0 - https:\/\/yoast.com\/product\/yoast-seo-wordpress\/ -->\n<title>TEKO\u010cA BARVA - PASTELNI U\u010cINEK - Orion Seasons<\/title>\n<meta name=\"robots\" content=\"index, follow, max-snippet:-1, max-image-preview:large, max-video-preview:-1\" \/>\n<link rel=\"canonical\" href=\"https:\/\/orion-seasons.eu\/sl\/izdelek\/tekoca-barva-pastelni-ucinek\/\" \/>\n<meta property=\"og:locale\" content=\"sl_SI\" \/>\n<meta property=\"og:type\" content=\"article\" \/>\n<meta property=\"og:title\" content=\"TEKO\u010cA BARVA - PASTELNI U\u010cINEK - Orion Seasons\" \/>\n<meta property=\"og:description\" content=\"Barve jajc prinesejo trajne odtenke, ki bodo va\u0161e velikono\u010dne okraske naredile posebne. Zaradi lahkega nanosa se barva enakomerno razporedi in ne pu\u0161\u010da made\u017eev.\" \/>\n<meta property=\"og:url\" content=\"https:\/\/orion-seasons.eu\/sl\/izdelek\/tekoca-barva-pastelni-ucinek\/\" \/>\n<meta property=\"og:site_name\" content=\"Orion Seasons\" \/>\n<meta property=\"article:modified_time\" content=\"2026-03-31T08:04:32+00:00\" \/>\n<meta property=\"og:image\" content=\"https:\/\/orion-seasons.eu\/wp-content\/uploads\/2025\/09\/2303-PASTELNI-EFEKT-scaled.jpg\" \/>\n\t<meta property=\"og:image:width\" content=\"2560\" \/>\n\t<meta property=\"og:image:height\" content=\"2560\" \/>\n\t<meta property=\"og:image:type\" content=\"image\/jpeg\" \/>\n<meta name=\"twitter:card\" content=\"summary_large_image\" \/>\n<meta name=\"twitter:label1\" content=\"Est. reading time\" \/>\n\t<meta name=\"twitter:data1\" content=\"1 minuta\" \/>\n<script type=\"application\/ld+json\" class=\"yoast-schema-graph\">{\"@context\":\"https:\/\/schema.org\",\"@graph\":[{\"@type\":\"WebPage\",\"@id\":\"https:\/\/orion-seasons.eu\/sl\/izdelek\/tekoca-barva-pastelni-ucinek\/\",\"url\":\"https:\/\/orion-seasons.eu\/sl\/izdelek\/tekoca-barva-pastelni-ucinek\/\",\"name\":\"TEKO\u010cA BARVA - PASTELNI U\u010cINEK - Orion Seasons\",\"isPartOf\":{\"@id\":\"https:\/\/orion-seasons.eu\/#website\"},\"primaryImageOfPage\":{\"@id\":\"https:\/\/orion-seasons.eu\/sl\/izdelek\/tekoca-barva-pastelni-ucinek\/#primaryimage\"},\"image\":{\"@id\":\"https:\/\/orion-seasons.eu\/sl\/izdelek\/tekoca-barva-pastelni-ucinek\/#primaryimage\"},\"thumbnailUrl\":\"https:\/\/orion-seasons.eu\/wp-content\/uploads\/2025\/09\/2303-PASTELNI-EFEKT-scaled.jpg\",\"datePublished\":\"2025-09-28T16:28:10+00:00\",\"dateModified\":\"2026-03-31T08:04:32+00:00\",\"breadcrumb\":{\"@id\":\"https:\/\/orion-seasons.eu\/sl\/izdelek\/tekoca-barva-pastelni-ucinek\/#breadcrumb\"},\"inLanguage\":\"sl-SI\",\"potentialAction\":[{\"@type\":\"ReadAction\",\"target\":[\"https:\/\/orion-seasons.eu\/sl\/izdelek\/tekoca-barva-pastelni-ucinek\/\"]}]},{\"@type\":\"ImageObject\",\"inLanguage\":\"sl-SI\",\"@id\":\"https:\/\/orion-seasons.eu\/sl\/izdelek\/tekoca-barva-pastelni-ucinek\/#primaryimage\",\"url\":\"https:\/\/orion-seasons.eu\/wp-content\/uploads\/2025\/09\/2303-PASTELNI-EFEKT-scaled.jpg\",\"contentUrl\":\"https:\/\/orion-seasons.eu\/wp-content\/uploads\/2025\/09\/2303-PASTELNI-EFEKT-scaled.jpg\",\"width\":2560,\"height\":2560},{\"@type\":\"BreadcrumbList\",\"@id\":\"https:\/\/orion-seasons.eu\/sl\/izdelek\/tekoca-barva-pastelni-ucinek\/#breadcrumb\",\"itemListElement\":[{\"@type\":\"ListItem\",\"position\":1,\"name\":\"Po\u010detna stranica\",\"item\":\"https:\/\/orion-seasons.eu\/sl\/domov\/\"},{\"@type\":\"ListItem\",\"position\":2,\"name\":\"Trgovina\",\"item\":\"https:\/\/orion-seasons.eu\/sl\/trgovina\/\"},{\"@type\":\"ListItem\",\"position\":3,\"name\":\"TEKO\u010cA BARVA &#8211; PASTELNI U\u010cINEK\"}]},{\"@type\":\"WebSite\",\"@id\":\"https:\/\/orion-seasons.eu\/#website\",\"url\":\"https:\/\/orion-seasons.eu\/\",\"name\":\"Orion Seasons\",\"description\":\"\",\"publisher\":{\"@id\":\"https:\/\/orion-seasons.eu\/#organization\"},\"potentialAction\":[{\"@type\":\"SearchAction\",\"target\":{\"@type\":\"EntryPoint\",\"urlTemplate\":\"https:\/\/orion-seasons.eu\/?s={search_term_string}\"},\"query-input\":{\"@type\":\"PropertyValueSpecification\",\"valueRequired\":true,\"valueName\":\"search_term_string\"}}],\"inLanguage\":\"sl-SI\"},{\"@type\":\"Organization\",\"@id\":\"https:\/\/orion-seasons.eu\/#organization\",\"name\":\"Orion Seasons\",\"url\":\"https:\/\/orion-seasons.eu\/\",\"logo\":{\"@type\":\"ImageObject\",\"inLanguage\":\"sl-SI\",\"@id\":\"https:\/\/orion-seasons.eu\/#\/schema\/logo\/image\/\",\"url\":\"https:\/\/orion-seasons.eu\/wp-content\/uploads\/2025\/07\/orion-seasons-2.svg\",\"contentUrl\":\"https:\/\/orion-seasons.eu\/wp-content\/uploads\/2025\/07\/orion-seasons-2.svg\",\"width\":1,\"height\":1,\"caption\":\"Orion Seasons\"},\"image\":{\"@id\":\"https:\/\/orion-seasons.eu\/#\/schema\/logo\/image\/\"}}]}<\/script>\n<!-- \/ Yoast SEO plugin. -->","yoast_head_json":{"title":"TEKO\u010cA BARVA - PASTELNI U\u010cINEK - Orion Seasons","robots":{"index":"index","follow":"follow","max-snippet":"max-snippet:-1","max-image-preview":"max-image-preview:large","max-video-preview":"max-video-preview:-1"},"canonical":"https:\/\/orion-seasons.eu\/sl\/izdelek\/tekoca-barva-pastelni-ucinek\/","og_locale":"sl_SI","og_type":"article","og_title":"TEKO\u010cA BARVA - PASTELNI U\u010cINEK - Orion Seasons","og_description":"Barve jajc prinesejo trajne odtenke, ki bodo va\u0161e velikono\u010dne okraske naredile posebne. Zaradi lahkega nanosa se barva enakomerno razporedi in ne pu\u0161\u010da made\u017eev.","og_url":"https:\/\/orion-seasons.eu\/sl\/izdelek\/tekoca-barva-pastelni-ucinek\/","og_site_name":"Orion Seasons","article_modified_time":"2026-03-31T08:04:32+00:00","og_image":[{"width":2560,"height":2560,"url":"https:\/\/orion-seasons.eu\/wp-content\/uploads\/2025\/09\/2303-PASTELNI-EFEKT-scaled.jpg","type":"image\/jpeg"}],"twitter_card":"summary_large_image","twitter_misc":{"Est. reading time":"1 minuta"},"schema":{"@context":"https:\/\/schema.org","@graph":[{"@type":"WebPage","@id":"https:\/\/orion-seasons.eu\/sl\/izdelek\/tekoca-barva-pastelni-ucinek\/","url":"https:\/\/orion-seasons.eu\/sl\/izdelek\/tekoca-barva-pastelni-ucinek\/","name":"TEKO\u010cA BARVA - PASTELNI U\u010cINEK - Orion Seasons","isPartOf":{"@id":"https:\/\/orion-seasons.eu\/#website"},"primaryImageOfPage":{"@id":"https:\/\/orion-seasons.eu\/sl\/izdelek\/tekoca-barva-pastelni-ucinek\/#primaryimage"},"image":{"@id":"https:\/\/orion-seasons.eu\/sl\/izdelek\/tekoca-barva-pastelni-ucinek\/#primaryimage"},"thumbnailUrl":"https:\/\/orion-seasons.eu\/wp-content\/uploads\/2025\/09\/2303-PASTELNI-EFEKT-scaled.jpg","datePublished":"2025-09-28T16:28:10+00:00","dateModified":"2026-03-31T08:04:32+00:00","breadcrumb":{"@id":"https:\/\/orion-seasons.eu\/sl\/izdelek\/tekoca-barva-pastelni-ucinek\/#breadcrumb"},"inLanguage":"sl-SI","potentialAction":[{"@type":"ReadAction","target":["https:\/\/orion-seasons.eu\/sl\/izdelek\/tekoca-barva-pastelni-ucinek\/"]}]},{"@type":"ImageObject","inLanguage":"sl-SI","@id":"https:\/\/orion-seasons.eu\/sl\/izdelek\/tekoca-barva-pastelni-ucinek\/#primaryimage","url":"https:\/\/orion-seasons.eu\/wp-content\/uploads\/2025\/09\/2303-PASTELNI-EFEKT-scaled.jpg","contentUrl":"https:\/\/orion-seasons.eu\/wp-content\/uploads\/2025\/09\/2303-PASTELNI-EFEKT-scaled.jpg","width":2560,"height":2560},{"@type":"BreadcrumbList","@id":"https:\/\/orion-seasons.eu\/sl\/izdelek\/tekoca-barva-pastelni-ucinek\/#breadcrumb","itemListElement":[{"@type":"ListItem","position":1,"name":"Po\u010detna stranica","item":"https:\/\/orion-seasons.eu\/sl\/domov\/"},{"@type":"ListItem","position":2,"name":"Trgovina","item":"https:\/\/orion-seasons.eu\/sl\/trgovina\/"},{"@type":"ListItem","position":3,"name":"TEKO\u010cA BARVA &#8211; PASTELNI U\u010cINEK"}]},{"@type":"WebSite","@id":"https:\/\/orion-seasons.eu\/#website","url":"https:\/\/orion-seasons.eu\/","name":"Orion Seasons","description":"","publisher":{"@id":"https:\/\/orion-seasons.eu\/#organization"},"potentialAction":[{"@type":"SearchAction","target":{"@type":"EntryPoint","urlTemplate":"https:\/\/orion-seasons.eu\/?s={search_term_string}"},"query-input":{"@type":"PropertyValueSpecification","valueRequired":true,"valueName":"search_term_string"}}],"inLanguage":"sl-SI"},{"@type":"Organization","@id":"https:\/\/orion-seasons.eu\/#organization","name":"Orion Seasons","url":"https:\/\/orion-seasons.eu\/","logo":{"@type":"ImageObject","inLanguage":"sl-SI","@id":"https:\/\/orion-seasons.eu\/#\/schema\/logo\/image\/","url":"https:\/\/orion-seasons.eu\/wp-content\/uploads\/2025\/07\/orion-seasons-2.svg","contentUrl":"https:\/\/orion-seasons.eu\/wp-content\/uploads\/2025\/07\/orion-seasons-2.svg","width":1,"height":1,"caption":"Orion Seasons"},"image":{"@id":"https:\/\/orion-seasons.eu\/#\/schema\/logo\/image\/"}}]}},"_links":{"self":[{"href":"https:\/\/orion-seasons.eu\/sl\/wp-json\/wp\/v2\/product\/2920","targetHints":{"allow":["GET"]}}],"collection":[{"href":"https:\/\/orion-seasons.eu\/sl\/wp-json\/wp\/v2\/product"}],"about":[{"href":"https:\/\/orion-seasons.eu\/sl\/wp-json\/wp\/v2\/types\/product"}],"replies":[{"embeddable":true,"href":"https:\/\/orion-seasons.eu\/sl\/wp-json\/wp\/v2\/comments?post=2920"}],"wp:featuredmedia":[{"embeddable":true,"href":"https:\/\/orion-seasons.eu\/sl\/wp-json\/wp\/v2\/media\/2085"}],"wp:attachment":[{"href":"https:\/\/orion-seasons.eu\/sl\/wp-json\/wp\/v2\/media?parent=2920"}],"wp:term":[{"taxonomy":"product_brand","embeddable":true,"href":"https:\/\/orion-seasons.eu\/sl\/wp-json\/wp\/v2\/product_brand?post=2920"},{"taxonomy":"product_cat","embeddable":true,"href":"https:\/\/orion-seasons.eu\/sl\/wp-json\/wp\/v2\/product_cat?post=2920"},{"taxonomy":"product_tag","embeddable":true,"href":"https:\/\/orion-seasons.eu\/sl\/wp-json\/wp\/v2\/product_tag?post=2920"}],"curies":[{"name":"wp","href":"https:\/\/api.w.org\/{rel}","templated":true}]}}