{"id":3054,"date":"2025-09-24T09:18:33","date_gmt":"2025-09-24T09:18:33","guid":{"rendered":"https:\/\/orion-seasons.eu\/product\/led-svetilke-siga-100-led-diod\/"},"modified":"2026-03-24T08:11:18","modified_gmt":"2026-03-24T08:11:18","slug":"led-svetilke-siga-100-led-diod","status":"publish","type":"product","link":"https:\/\/orion-seasons.eu\/sl\/izdelek\/led-svetilke-siga-100-led-diod\/","title":{"rendered":"LED LU\u010cKE &#8211; SIGA, 100 LED toplo bela"},"content":{"rendered":"<p><span data-lucid-type=\"application\/vnd.lucid.text\" data-lucid-content=\"{\"t\":\"broj \u017earuljica: 100\\nboja: toplo bijela\\nmodel: niz\\nduljina lampica: 5m\\nVisina lampica:\\nduljina kabla: 1,5m\\nrazmak izme\u0111u lampica: 5cm\\nboja \u017eice: zelena\\nnapon: 4.5V=2.7W, IP44\",\"m\":[{\"s\":0,\"n\":\"a\",\"v\":\"left\"},{\"s\":0,\"n\":\"fl\",\"v\":26},{\"s\":0,\"n\":\"il\",\"v\":26},{\"s\":0,\"n\":\"l\",\"v\":\"auto\"},{\"s\":0,\"n\":\"p\",\"v\":1.6},{\"s\":0,\"n\":\"t\",\"v\":\"ul\"},{\"s\":0,\"n\":\"fsp\",\"v\":\"ss_presetShapeStyle1_textStyle\",\"e\":173},{\"s\":0,\"n\":\"fsp2\",\"v\":\"ss_presetShapeStyle1_textStyle\",\"e\":173},{\"s\":0,\"n\":\"s\",\"v\":31.111111111111114,\"e\":173},{\"s\":20,\"n\":\"a\",\"v\":\"left\"},{\"s\":20,\"n\":\"fl\",\"v\":26},{\"s\":20,\"n\":\"il\",\"v\":26},{\"s\":20,\"n\":\"l\",\"v\":\"auto\"},{\"s\":20,\"n\":\"p\",\"v\":1.6},{\"s\":20,\"n\":\"t\",\"v\":\"ul\"},{\"s\":39,\"n\":\"a\",\"v\":\"left\"},{\"s\":39,\"n\":\"fl\",\"v\":26},{\"s\":39,\"n\":\"il\",\"v\":26},{\"s\":39,\"n\":\"l\",\"v\":\"auto\"},{\"s\":39,\"n\":\"p\",\"v\":1.6},{\"s\":39,\"n\":\"t\",\"v\":\"ul\"},{\"s\":50,\"n\":\"a\",\"v\":\"left\"},{\"s\":50,\"n\":\"fl\",\"v\":26},{\"s\":50,\"n\":\"il\",\"v\":26},{\"s\":50,\"n\":\"l\",\"v\":\"auto\"},{\"s\":50,\"n\":\"p\",\"v\":1.6},{\"s\":50,\"n\":\"t\",\"v\":\"ul\"},{\"s\":70,\"n\":\"a\",\"v\":\"left\"},{\"s\":70,\"n\":\"fl\",\"v\":26},{\"s\":70,\"n\":\"il\",\"v\":26},{\"s\":70,\"n\":\"l\",\"v\":\"auto\"},{\"s\":70,\"n\":\"p\",\"v\":1.6},{\"s\":70,\"n\":\"t\",\"v\":\"ul\"},{\"s\":86,\"n\":\"a\",\"v\":\"left\"},{\"s\":86,\"n\":\"fl\",\"v\":26},{\"s\":86,\"n\":\"il\",\"v\":26},{\"s\":86,\"n\":\"l\",\"v\":\"auto\"},{\"s\":86,\"n\":\"p\",\"v\":1.6},{\"s\":86,\"n\":\"t\",\"v\":\"ul\"},{\"s\":106,\"n\":\"a\",\"v\":\"left\"},{\"s\":106,\"n\":\"fl\",\"v\":26},{\"s\":106,\"n\":\"il\",\"v\":26},{\"s\":106,\"n\":\"l\",\"v\":\"auto\"},{\"s\":106,\"n\":\"p\",\"v\":1.6},{\"s\":106,\"n\":\"t\",\"v\":\"ul\"},{\"s\":133,\"n\":\"a\",\"v\":\"left\"},{\"s\":133,\"n\":\"fl\",\"v\":26},{\"s\":133,\"n\":\"il\",\"v\":26},{\"s\":133,\"n\":\"l\",\"v\":\"auto\"},{\"s\":133,\"n\":\"p\",\"v\":1.6},{\"s\":133,\"n\":\"t\",\"v\":\"ul\"},{\"s\":151,\"n\":\"a\",\"v\":\"left\"},{\"s\":151,\"n\":\"fl\",\"v\":26},{\"s\":151,\"n\":\"il\",\"v\":26},{\"s\":151,\"n\":\"l\",\"v\":\"auto\"},{\"s\":151,\"n\":\"p\",\"v\":1.6},{\"s\":151,\"n\":\"t\",\"v\":\"ul\"}]}\">\u0160tevilo svetilk: 100<br \/>\nBarva: toplo bela<br \/>\nModel: siga<br \/>\nDol\u017eina lu\u010dk: 95 cm<br \/>\nVi\u0161ina lu\u010dk: 35 cm<br \/>\nDol\u017eina kabla: 1,5 m<br \/>\nRazdalja med lu\u010dkami: 5 cm<br \/>\nBarva \u017eice: bela<br \/>\nNapetost: 2,7W, IP44<\/span><\/p>\n<p>&nbsp;<\/p>\n<p><img decoding=\"async\" class=\"alignnone wp-image-415\" src=\"https:\/\/orion-seasons.eu\/wp-content\/uploads\/2025\/09\/3528-300x241.png\" alt=\"\" width=\"243\" height=\"195\" srcset=\"https:\/\/orion-seasons.eu\/wp-content\/uploads\/2025\/09\/3528-300x241.png 300w, https:\/\/orion-seasons.eu\/wp-content\/uploads\/2025\/09\/3528-1024x823.png 1024w, https:\/\/orion-seasons.eu\/wp-content\/uploads\/2025\/09\/3528-768x618.png 768w, https:\/\/orion-seasons.eu\/wp-content\/uploads\/2025\/09\/3528-220x177.png 220w, https:\/\/orion-seasons.eu\/wp-content\/uploads\/2025\/09\/3528-600x482.png 600w, https:\/\/orion-seasons.eu\/wp-content\/uploads\/2025\/09\/3528.png 1271w\" sizes=\"(max-width: 243px) 100vw, 243px\" \/><\/p>\n","protected":false},"excerpt":{"rendered":"<p>LED lu\u010dke, ki ustvarjajo toplo, prazni\u010dno vzdu\u0161je z minimalno porabo energije.  <br data-start=\"204\" data-end=\"207\" data-is-only-node=\"\">Popolne za okrasitev robov hi\u0161, teras in ograj.<\/p>\n","protected":false},"featured_media":3056,"comment_status":"open","ping_status":"closed","template":"","meta":{"_acf_changed":false},"product_brand":[],"product_cat":[88,149,184],"product_tag":[],"class_list":{"0":"post-3054","1":"product","2":"type-product","3":"status-publish","4":"has-post-thumbnail","6":"product_cat-bozicne-okraske","7":"product_cat-led-osvetlitev","8":"product_cat-led-svetilke-siga","10":"first","11":"instock","12":"taxable","13":"shipping-taxable","14":"product-type-simple"},"acf":[],"yoast_head":"<!-- This site is optimized with the Yoast SEO plugin v27.0 - https:\/\/yoast.com\/product\/yoast-seo-wordpress\/ -->\n<title>LED LU\u010cKE - SIGA, 100 LED toplo bela - Orion Seasons<\/title>\n<meta name=\"robots\" content=\"index, follow, max-snippet:-1, max-image-preview:large, max-video-preview:-1\" \/>\n<link rel=\"canonical\" href=\"https:\/\/orion-seasons.eu\/sl\/izdelek\/led-svetilke-siga-100-led-diod\/\" \/>\n<meta property=\"og:locale\" content=\"sl_SI\" \/>\n<meta property=\"og:type\" content=\"article\" \/>\n<meta property=\"og:title\" content=\"LED LU\u010cKE - SIGA, 100 LED toplo bela - Orion Seasons\" \/>\n<meta property=\"og:description\" content=\"LED lu\u010dke, ki ustvarjajo toplo, prazni\u010dno vzdu\u0161je z minimalno porabo energije. Popolne za okrasitev robov hi\u0161, teras in ograj.\" \/>\n<meta property=\"og:url\" content=\"https:\/\/orion-seasons.eu\/sl\/izdelek\/led-svetilke-siga-100-led-diod\/\" \/>\n<meta property=\"og:site_name\" content=\"Orion Seasons\" \/>\n<meta property=\"article:modified_time\" content=\"2026-03-24T08:11:18+00:00\" \/>\n<meta property=\"og:image\" content=\"https:\/\/orion-seasons.eu\/wp-content\/uploads\/2025\/09\/3528.jpg\" \/>\n\t<meta property=\"og:image:width\" content=\"1000\" \/>\n\t<meta property=\"og:image:height\" content=\"1000\" \/>\n\t<meta property=\"og:image:type\" content=\"image\/jpeg\" \/>\n<meta name=\"twitter:card\" content=\"summary_large_image\" \/>\n<meta name=\"twitter:label1\" content=\"Est. reading time\" \/>\n\t<meta name=\"twitter:data1\" content=\"1 minuta\" \/>\n<script type=\"application\/ld+json\" class=\"yoast-schema-graph\">{\"@context\":\"https:\/\/schema.org\",\"@graph\":[{\"@type\":\"WebPage\",\"@id\":\"https:\/\/orion-seasons.eu\/sl\/izdelek\/led-svetilke-siga-100-led-diod\/\",\"url\":\"https:\/\/orion-seasons.eu\/sl\/izdelek\/led-svetilke-siga-100-led-diod\/\",\"name\":\"LED LU\u010cKE - SIGA, 100 LED toplo bela - Orion Seasons\",\"isPartOf\":{\"@id\":\"https:\/\/orion-seasons.eu\/#website\"},\"primaryImageOfPage\":{\"@id\":\"https:\/\/orion-seasons.eu\/sl\/izdelek\/led-svetilke-siga-100-led-diod\/#primaryimage\"},\"image\":{\"@id\":\"https:\/\/orion-seasons.eu\/sl\/izdelek\/led-svetilke-siga-100-led-diod\/#primaryimage\"},\"thumbnailUrl\":\"https:\/\/orion-seasons.eu\/wp-content\/uploads\/2025\/09\/3528.jpg\",\"datePublished\":\"2025-09-24T09:18:33+00:00\",\"dateModified\":\"2026-03-24T08:11:18+00:00\",\"breadcrumb\":{\"@id\":\"https:\/\/orion-seasons.eu\/sl\/izdelek\/led-svetilke-siga-100-led-diod\/#breadcrumb\"},\"inLanguage\":\"sl-SI\",\"potentialAction\":[{\"@type\":\"ReadAction\",\"target\":[\"https:\/\/orion-seasons.eu\/sl\/izdelek\/led-svetilke-siga-100-led-diod\/\"]}]},{\"@type\":\"ImageObject\",\"inLanguage\":\"sl-SI\",\"@id\":\"https:\/\/orion-seasons.eu\/sl\/izdelek\/led-svetilke-siga-100-led-diod\/#primaryimage\",\"url\":\"https:\/\/orion-seasons.eu\/wp-content\/uploads\/2025\/09\/3528.jpg\",\"contentUrl\":\"https:\/\/orion-seasons.eu\/wp-content\/uploads\/2025\/09\/3528.jpg\",\"width\":1000,\"height\":1000},{\"@type\":\"BreadcrumbList\",\"@id\":\"https:\/\/orion-seasons.eu\/sl\/izdelek\/led-svetilke-siga-100-led-diod\/#breadcrumb\",\"itemListElement\":[{\"@type\":\"ListItem\",\"position\":1,\"name\":\"Po\u010detna stranica\",\"item\":\"https:\/\/orion-seasons.eu\/sl\/domov\/\"},{\"@type\":\"ListItem\",\"position\":2,\"name\":\"Trgovina\",\"item\":\"https:\/\/orion-seasons.eu\/sl\/trgovina\/\"},{\"@type\":\"ListItem\",\"position\":3,\"name\":\"LED LU\u010cKE &#8211; SIGA, 100 LED toplo bela\"}]},{\"@type\":\"WebSite\",\"@id\":\"https:\/\/orion-seasons.eu\/#website\",\"url\":\"https:\/\/orion-seasons.eu\/\",\"name\":\"Orion Seasons\",\"description\":\"\",\"publisher\":{\"@id\":\"https:\/\/orion-seasons.eu\/#organization\"},\"potentialAction\":[{\"@type\":\"SearchAction\",\"target\":{\"@type\":\"EntryPoint\",\"urlTemplate\":\"https:\/\/orion-seasons.eu\/?s={search_term_string}\"},\"query-input\":{\"@type\":\"PropertyValueSpecification\",\"valueRequired\":true,\"valueName\":\"search_term_string\"}}],\"inLanguage\":\"sl-SI\"},{\"@type\":\"Organization\",\"@id\":\"https:\/\/orion-seasons.eu\/#organization\",\"name\":\"Orion Seasons\",\"url\":\"https:\/\/orion-seasons.eu\/\",\"logo\":{\"@type\":\"ImageObject\",\"inLanguage\":\"sl-SI\",\"@id\":\"https:\/\/orion-seasons.eu\/#\/schema\/logo\/image\/\",\"url\":\"https:\/\/orion-seasons.eu\/wp-content\/uploads\/2025\/07\/orion-seasons-2.svg\",\"contentUrl\":\"https:\/\/orion-seasons.eu\/wp-content\/uploads\/2025\/07\/orion-seasons-2.svg\",\"width\":1,\"height\":1,\"caption\":\"Orion Seasons\"},\"image\":{\"@id\":\"https:\/\/orion-seasons.eu\/#\/schema\/logo\/image\/\"}}]}<\/script>\n<!-- \/ Yoast SEO plugin. -->","yoast_head_json":{"title":"LED LU\u010cKE - SIGA, 100 LED toplo bela - Orion Seasons","robots":{"index":"index","follow":"follow","max-snippet":"max-snippet:-1","max-image-preview":"max-image-preview:large","max-video-preview":"max-video-preview:-1"},"canonical":"https:\/\/orion-seasons.eu\/sl\/izdelek\/led-svetilke-siga-100-led-diod\/","og_locale":"sl_SI","og_type":"article","og_title":"LED LU\u010cKE - SIGA, 100 LED toplo bela - Orion Seasons","og_description":"LED lu\u010dke, ki ustvarjajo toplo, prazni\u010dno vzdu\u0161je z minimalno porabo energije. Popolne za okrasitev robov hi\u0161, teras in ograj.","og_url":"https:\/\/orion-seasons.eu\/sl\/izdelek\/led-svetilke-siga-100-led-diod\/","og_site_name":"Orion Seasons","article_modified_time":"2026-03-24T08:11:18+00:00","og_image":[{"width":1000,"height":1000,"url":"https:\/\/orion-seasons.eu\/wp-content\/uploads\/2025\/09\/3528.jpg","type":"image\/jpeg"}],"twitter_card":"summary_large_image","twitter_misc":{"Est. reading time":"1 minuta"},"schema":{"@context":"https:\/\/schema.org","@graph":[{"@type":"WebPage","@id":"https:\/\/orion-seasons.eu\/sl\/izdelek\/led-svetilke-siga-100-led-diod\/","url":"https:\/\/orion-seasons.eu\/sl\/izdelek\/led-svetilke-siga-100-led-diod\/","name":"LED LU\u010cKE - SIGA, 100 LED toplo bela - Orion Seasons","isPartOf":{"@id":"https:\/\/orion-seasons.eu\/#website"},"primaryImageOfPage":{"@id":"https:\/\/orion-seasons.eu\/sl\/izdelek\/led-svetilke-siga-100-led-diod\/#primaryimage"},"image":{"@id":"https:\/\/orion-seasons.eu\/sl\/izdelek\/led-svetilke-siga-100-led-diod\/#primaryimage"},"thumbnailUrl":"https:\/\/orion-seasons.eu\/wp-content\/uploads\/2025\/09\/3528.jpg","datePublished":"2025-09-24T09:18:33+00:00","dateModified":"2026-03-24T08:11:18+00:00","breadcrumb":{"@id":"https:\/\/orion-seasons.eu\/sl\/izdelek\/led-svetilke-siga-100-led-diod\/#breadcrumb"},"inLanguage":"sl-SI","potentialAction":[{"@type":"ReadAction","target":["https:\/\/orion-seasons.eu\/sl\/izdelek\/led-svetilke-siga-100-led-diod\/"]}]},{"@type":"ImageObject","inLanguage":"sl-SI","@id":"https:\/\/orion-seasons.eu\/sl\/izdelek\/led-svetilke-siga-100-led-diod\/#primaryimage","url":"https:\/\/orion-seasons.eu\/wp-content\/uploads\/2025\/09\/3528.jpg","contentUrl":"https:\/\/orion-seasons.eu\/wp-content\/uploads\/2025\/09\/3528.jpg","width":1000,"height":1000},{"@type":"BreadcrumbList","@id":"https:\/\/orion-seasons.eu\/sl\/izdelek\/led-svetilke-siga-100-led-diod\/#breadcrumb","itemListElement":[{"@type":"ListItem","position":1,"name":"Po\u010detna stranica","item":"https:\/\/orion-seasons.eu\/sl\/domov\/"},{"@type":"ListItem","position":2,"name":"Trgovina","item":"https:\/\/orion-seasons.eu\/sl\/trgovina\/"},{"@type":"ListItem","position":3,"name":"LED LU\u010cKE &#8211; SIGA, 100 LED toplo bela"}]},{"@type":"WebSite","@id":"https:\/\/orion-seasons.eu\/#website","url":"https:\/\/orion-seasons.eu\/","name":"Orion Seasons","description":"","publisher":{"@id":"https:\/\/orion-seasons.eu\/#organization"},"potentialAction":[{"@type":"SearchAction","target":{"@type":"EntryPoint","urlTemplate":"https:\/\/orion-seasons.eu\/?s={search_term_string}"},"query-input":{"@type":"PropertyValueSpecification","valueRequired":true,"valueName":"search_term_string"}}],"inLanguage":"sl-SI"},{"@type":"Organization","@id":"https:\/\/orion-seasons.eu\/#organization","name":"Orion Seasons","url":"https:\/\/orion-seasons.eu\/","logo":{"@type":"ImageObject","inLanguage":"sl-SI","@id":"https:\/\/orion-seasons.eu\/#\/schema\/logo\/image\/","url":"https:\/\/orion-seasons.eu\/wp-content\/uploads\/2025\/07\/orion-seasons-2.svg","contentUrl":"https:\/\/orion-seasons.eu\/wp-content\/uploads\/2025\/07\/orion-seasons-2.svg","width":1,"height":1,"caption":"Orion Seasons"},"image":{"@id":"https:\/\/orion-seasons.eu\/#\/schema\/logo\/image\/"}}]}},"_links":{"self":[{"href":"https:\/\/orion-seasons.eu\/sl\/wp-json\/wp\/v2\/product\/3054","targetHints":{"allow":["GET"]}}],"collection":[{"href":"https:\/\/orion-seasons.eu\/sl\/wp-json\/wp\/v2\/product"}],"about":[{"href":"https:\/\/orion-seasons.eu\/sl\/wp-json\/wp\/v2\/types\/product"}],"replies":[{"embeddable":true,"href":"https:\/\/orion-seasons.eu\/sl\/wp-json\/wp\/v2\/comments?post=3054"}],"wp:featuredmedia":[{"embeddable":true,"href":"https:\/\/orion-seasons.eu\/sl\/wp-json\/wp\/v2\/media\/3056"}],"wp:attachment":[{"href":"https:\/\/orion-seasons.eu\/sl\/wp-json\/wp\/v2\/media?parent=3054"}],"wp:term":[{"taxonomy":"product_brand","embeddable":true,"href":"https:\/\/orion-seasons.eu\/sl\/wp-json\/wp\/v2\/product_brand?post=3054"},{"taxonomy":"product_cat","embeddable":true,"href":"https:\/\/orion-seasons.eu\/sl\/wp-json\/wp\/v2\/product_cat?post=3054"},{"taxonomy":"product_tag","embeddable":true,"href":"https:\/\/orion-seasons.eu\/sl\/wp-json\/wp\/v2\/product_tag?post=3054"}],"curies":[{"name":"wp","href":"https:\/\/api.w.org\/{rel}","templated":true}]}}