{"id":3060,"date":"2025-09-24T09:08:25","date_gmt":"2025-09-24T09:08:25","guid":{"rendered":"https:\/\/orion-seasons.eu\/product\/led-svetilke-skupina-1128-led-diod\/"},"modified":"2026-03-24T08:21:28","modified_gmt":"2026-03-24T08:21:28","slug":"led-svetilke-skupina-1128-led-diod","status":"publish","type":"product","link":"https:\/\/orion-seasons.eu\/sl\/izdelek\/led-svetilke-skupina-1128-led-diod\/","title":{"rendered":"LED LU\u010cKE &#8211; KLASTER, 1128 LED toplo bela"},"content":{"rendered":"<p><span data-lucid-type=\"application\/vnd.lucid.text\" data-lucid-content=\"{\"t\":\"nbroj \u017earuljica: 100nboja: toplo bijelanmodel: niznduljina lampica: 5mnduljina kabla: 1,5mnrazmak izme\u0111u lampica: 5mnboja \u017eice: zelenannapon: 4.5V=2.7W, IP44\",\"m\":[{\"s\":0,\"n\":\"a\",\"v\":\"left\"},{\"s\":0,\"n\":\"od\",\"v\":1},{\"s\":0,\"n\":\"p\",\"v\":1.6},{\"s\":0,\"n\":\"fsp\",\"v\":\"ss_presetShapeStyle1_textStyle\",\"e\":157},{\"s\":0,\"n\":\"fsp2\",\"v\":\"ss_presetShapeStyle1_textStyle\",\"e\":157},{\"s\":0,\"n\":\"s\",\"v\":31.111111111111114,\"e\":157},{\"s\":1,\"n\":\"a\",\"v\":\"left\"},{\"s\":1,\"n\":\"fl\",\"v\":26},{\"s\":1,\"n\":\"il\",\"v\":26},{\"s\":1,\"n\":\"l\",\"v\":\"auto\"},{\"s\":1,\"n\":\"p\",\"v\":1.6},{\"s\":1,\"n\":\"t\",\"v\":\"ul\"},{\"s\":21,\"n\":\"a\",\"v\":\"left\"},{\"s\":21,\"n\":\"fl\",\"v\":26},{\"s\":21,\"n\":\"il\",\"v\":26},{\"s\":21,\"n\":\"l\",\"v\":\"auto\"},{\"s\":21,\"n\":\"p\",\"v\":1.6},{\"s\":21,\"n\":\"t\",\"v\":\"ul\"},{\"s\":40,\"n\":\"a\",\"v\":\"left\"},{\"s\":40,\"n\":\"fl\",\"v\":26},{\"s\":40,\"n\":\"il\",\"v\":26},{\"s\":40,\"n\":\"l\",\"v\":\"auto\"},{\"s\":40,\"n\":\"p\",\"v\":1.6},{\"s\":40,\"n\":\"t\",\"v\":\"ul\"},{\"s\":51,\"n\":\"a\",\"v\":\"left\"},{\"s\":51,\"n\":\"fl\",\"v\":26},{\"s\":51,\"n\":\"il\",\"v\":26},{\"s\":51,\"n\":\"l\",\"v\":\"auto\"},{\"s\":51,\"n\":\"p\",\"v\":1.6},{\"s\":51,\"n\":\"t\",\"v\":\"ul\"},{\"s\":71,\"n\":\"a\",\"v\":\"left\"},{\"s\":71,\"n\":\"fl\",\"v\":26},{\"s\":71,\"n\":\"il\",\"v\":26},{\"s\":71,\"n\":\"l\",\"v\":\"auto\"},{\"s\":71,\"n\":\"p\",\"v\":1.6},{\"s\":71,\"n\":\"t\",\"v\":\"ul\"},{\"s\":91,\"n\":\"a\",\"v\":\"left\"},{\"s\":91,\"n\":\"fl\",\"v\":26},{\"s\":91,\"n\":\"il\",\"v\":26},{\"s\":91,\"n\":\"l\",\"v\":\"auto\"},{\"s\":91,\"n\":\"p\",\"v\":1.6},{\"s\":91,\"n\":\"t\",\"v\":\"ul\"},{\"s\":117,\"n\":\"a\",\"v\":\"left\"},{\"s\":117,\"n\":\"fl\",\"v\":26},{\"s\":117,\"n\":\"il\",\"v\":26},{\"s\":117,\"n\":\"l\",\"v\":\"auto\"},{\"s\":117,\"n\":\"p\",\"v\":1.6},{\"s\":117,\"n\":\"t\",\"v\":\"ul\"},{\"s\":135,\"n\":\"a\",\"v\":\"left\"},{\"s\":135,\"n\":\"fl\",\"v\":26},{\"s\":135,\"n\":\"il\",\"v\":26},{\"s\":135,\"n\":\"l\",\"v\":\"auto\"},{\"s\":135,\"n\":\"p\",\"v\":1.6},{\"s\":135,\"n\":\"t\",\"v\":\"ul\"}]}\">\u0160tevilo svetilk: 1128<br \/>\nBarva: toplo bela<br \/>\nModel: klaster<br \/>\nDol\u017eina lu\u010dk: 10,5 m<br \/>\nDol\u017eina kabla: 5 m<br \/>\nRazdalja med lu\u010dkami: 0,9 cm<br \/>\nBarva \u017eice: \u010drna<br \/>\nNapetost: 7,2W, IP44<\/span><\/p>\n","protected":false},"excerpt":{"rendered":"<p>LED lu\u010dke, ki ustvarjajo toplo, prazni\u010dno vzdu\u0161je z minimalno porabo energije.  <br data-start=\"204\" data-end=\"207\" data-is-only-node=\"\">Popolne za drevesa, okna ali teraso.<\/p>\n","protected":false},"featured_media":3063,"comment_status":"open","ping_status":"closed","template":"","meta":{"_acf_changed":false},"product_brand":[],"product_cat":[88,149,180],"product_tag":[],"class_list":{"0":"post-3060","1":"product","2":"type-product","3":"status-publish","4":"has-post-thumbnail","6":"product_cat-bozicne-okraske","7":"product_cat-led-osvetlitev","8":"product_cat-led-svetilke-cluster","10":"first","11":"instock","12":"taxable","13":"shipping-taxable","14":"product-type-simple"},"acf":[],"yoast_head":"<!-- This site is optimized with the Yoast SEO plugin v27.0 - https:\/\/yoast.com\/product\/yoast-seo-wordpress\/ -->\n<title>LED LU\u010cKE - KLASTER, 1128 LED toplo bela - Orion Seasons<\/title>\n<meta name=\"robots\" content=\"index, follow, max-snippet:-1, max-image-preview:large, max-video-preview:-1\" \/>\n<link rel=\"canonical\" href=\"https:\/\/orion-seasons.eu\/sl\/izdelek\/led-svetilke-skupina-1128-led-diod\/\" \/>\n<meta property=\"og:locale\" content=\"sl_SI\" \/>\n<meta property=\"og:type\" content=\"article\" \/>\n<meta property=\"og:title\" content=\"LED LU\u010cKE - KLASTER, 1128 LED toplo bela - Orion Seasons\" \/>\n<meta property=\"og:description\" content=\"LED lu\u010dke, ki ustvarjajo toplo, prazni\u010dno vzdu\u0161je z minimalno porabo energije. Popolne za drevesa, okna ali teraso.\" \/>\n<meta property=\"og:url\" content=\"https:\/\/orion-seasons.eu\/sl\/izdelek\/led-svetilke-skupina-1128-led-diod\/\" \/>\n<meta property=\"og:site_name\" content=\"Orion Seasons\" \/>\n<meta property=\"article:modified_time\" content=\"2026-03-24T08:21:28+00:00\" \/>\n<meta property=\"og:image\" content=\"https:\/\/orion-seasons.eu\/wp-content\/uploads\/2025\/09\/3525.jpg\" \/>\n\t<meta property=\"og:image:width\" content=\"1000\" \/>\n\t<meta property=\"og:image:height\" content=\"1000\" \/>\n\t<meta property=\"og:image:type\" content=\"image\/jpeg\" \/>\n<meta name=\"twitter:card\" content=\"summary_large_image\" \/>\n<meta name=\"twitter:label1\" content=\"Est. reading time\" \/>\n\t<meta name=\"twitter:data1\" content=\"1 minuta\" \/>\n<script type=\"application\/ld+json\" class=\"yoast-schema-graph\">{\"@context\":\"https:\/\/schema.org\",\"@graph\":[{\"@type\":\"WebPage\",\"@id\":\"https:\/\/orion-seasons.eu\/sl\/izdelek\/led-svetilke-skupina-1128-led-diod\/\",\"url\":\"https:\/\/orion-seasons.eu\/sl\/izdelek\/led-svetilke-skupina-1128-led-diod\/\",\"name\":\"LED LU\u010cKE - KLASTER, 1128 LED toplo bela - Orion Seasons\",\"isPartOf\":{\"@id\":\"https:\/\/orion-seasons.eu\/#website\"},\"primaryImageOfPage\":{\"@id\":\"https:\/\/orion-seasons.eu\/sl\/izdelek\/led-svetilke-skupina-1128-led-diod\/#primaryimage\"},\"image\":{\"@id\":\"https:\/\/orion-seasons.eu\/sl\/izdelek\/led-svetilke-skupina-1128-led-diod\/#primaryimage\"},\"thumbnailUrl\":\"https:\/\/orion-seasons.eu\/wp-content\/uploads\/2025\/09\/3525.jpg\",\"datePublished\":\"2025-09-24T09:08:25+00:00\",\"dateModified\":\"2026-03-24T08:21:28+00:00\",\"breadcrumb\":{\"@id\":\"https:\/\/orion-seasons.eu\/sl\/izdelek\/led-svetilke-skupina-1128-led-diod\/#breadcrumb\"},\"inLanguage\":\"sl-SI\",\"potentialAction\":[{\"@type\":\"ReadAction\",\"target\":[\"https:\/\/orion-seasons.eu\/sl\/izdelek\/led-svetilke-skupina-1128-led-diod\/\"]}]},{\"@type\":\"ImageObject\",\"inLanguage\":\"sl-SI\",\"@id\":\"https:\/\/orion-seasons.eu\/sl\/izdelek\/led-svetilke-skupina-1128-led-diod\/#primaryimage\",\"url\":\"https:\/\/orion-seasons.eu\/wp-content\/uploads\/2025\/09\/3525.jpg\",\"contentUrl\":\"https:\/\/orion-seasons.eu\/wp-content\/uploads\/2025\/09\/3525.jpg\",\"width\":1000,\"height\":1000},{\"@type\":\"BreadcrumbList\",\"@id\":\"https:\/\/orion-seasons.eu\/sl\/izdelek\/led-svetilke-skupina-1128-led-diod\/#breadcrumb\",\"itemListElement\":[{\"@type\":\"ListItem\",\"position\":1,\"name\":\"Po\u010detna stranica\",\"item\":\"https:\/\/orion-seasons.eu\/sl\/domov\/\"},{\"@type\":\"ListItem\",\"position\":2,\"name\":\"Trgovina\",\"item\":\"https:\/\/orion-seasons.eu\/sl\/trgovina\/\"},{\"@type\":\"ListItem\",\"position\":3,\"name\":\"LED LU\u010cKE &#8211; KLASTER, 1128 LED toplo bela\"}]},{\"@type\":\"WebSite\",\"@id\":\"https:\/\/orion-seasons.eu\/#website\",\"url\":\"https:\/\/orion-seasons.eu\/\",\"name\":\"Orion Seasons\",\"description\":\"\",\"publisher\":{\"@id\":\"https:\/\/orion-seasons.eu\/#organization\"},\"potentialAction\":[{\"@type\":\"SearchAction\",\"target\":{\"@type\":\"EntryPoint\",\"urlTemplate\":\"https:\/\/orion-seasons.eu\/?s={search_term_string}\"},\"query-input\":{\"@type\":\"PropertyValueSpecification\",\"valueRequired\":true,\"valueName\":\"search_term_string\"}}],\"inLanguage\":\"sl-SI\"},{\"@type\":\"Organization\",\"@id\":\"https:\/\/orion-seasons.eu\/#organization\",\"name\":\"Orion Seasons\",\"url\":\"https:\/\/orion-seasons.eu\/\",\"logo\":{\"@type\":\"ImageObject\",\"inLanguage\":\"sl-SI\",\"@id\":\"https:\/\/orion-seasons.eu\/#\/schema\/logo\/image\/\",\"url\":\"https:\/\/orion-seasons.eu\/wp-content\/uploads\/2025\/07\/orion-seasons-2.svg\",\"contentUrl\":\"https:\/\/orion-seasons.eu\/wp-content\/uploads\/2025\/07\/orion-seasons-2.svg\",\"width\":1,\"height\":1,\"caption\":\"Orion Seasons\"},\"image\":{\"@id\":\"https:\/\/orion-seasons.eu\/#\/schema\/logo\/image\/\"}}]}<\/script>\n<!-- \/ Yoast SEO plugin. -->","yoast_head_json":{"title":"LED LU\u010cKE - KLASTER, 1128 LED toplo bela - Orion Seasons","robots":{"index":"index","follow":"follow","max-snippet":"max-snippet:-1","max-image-preview":"max-image-preview:large","max-video-preview":"max-video-preview:-1"},"canonical":"https:\/\/orion-seasons.eu\/sl\/izdelek\/led-svetilke-skupina-1128-led-diod\/","og_locale":"sl_SI","og_type":"article","og_title":"LED LU\u010cKE - KLASTER, 1128 LED toplo bela - Orion Seasons","og_description":"LED lu\u010dke, ki ustvarjajo toplo, prazni\u010dno vzdu\u0161je z minimalno porabo energije. Popolne za drevesa, okna ali teraso.","og_url":"https:\/\/orion-seasons.eu\/sl\/izdelek\/led-svetilke-skupina-1128-led-diod\/","og_site_name":"Orion Seasons","article_modified_time":"2026-03-24T08:21:28+00:00","og_image":[{"width":1000,"height":1000,"url":"https:\/\/orion-seasons.eu\/wp-content\/uploads\/2025\/09\/3525.jpg","type":"image\/jpeg"}],"twitter_card":"summary_large_image","twitter_misc":{"Est. reading time":"1 minuta"},"schema":{"@context":"https:\/\/schema.org","@graph":[{"@type":"WebPage","@id":"https:\/\/orion-seasons.eu\/sl\/izdelek\/led-svetilke-skupina-1128-led-diod\/","url":"https:\/\/orion-seasons.eu\/sl\/izdelek\/led-svetilke-skupina-1128-led-diod\/","name":"LED LU\u010cKE - KLASTER, 1128 LED toplo bela - Orion Seasons","isPartOf":{"@id":"https:\/\/orion-seasons.eu\/#website"},"primaryImageOfPage":{"@id":"https:\/\/orion-seasons.eu\/sl\/izdelek\/led-svetilke-skupina-1128-led-diod\/#primaryimage"},"image":{"@id":"https:\/\/orion-seasons.eu\/sl\/izdelek\/led-svetilke-skupina-1128-led-diod\/#primaryimage"},"thumbnailUrl":"https:\/\/orion-seasons.eu\/wp-content\/uploads\/2025\/09\/3525.jpg","datePublished":"2025-09-24T09:08:25+00:00","dateModified":"2026-03-24T08:21:28+00:00","breadcrumb":{"@id":"https:\/\/orion-seasons.eu\/sl\/izdelek\/led-svetilke-skupina-1128-led-diod\/#breadcrumb"},"inLanguage":"sl-SI","potentialAction":[{"@type":"ReadAction","target":["https:\/\/orion-seasons.eu\/sl\/izdelek\/led-svetilke-skupina-1128-led-diod\/"]}]},{"@type":"ImageObject","inLanguage":"sl-SI","@id":"https:\/\/orion-seasons.eu\/sl\/izdelek\/led-svetilke-skupina-1128-led-diod\/#primaryimage","url":"https:\/\/orion-seasons.eu\/wp-content\/uploads\/2025\/09\/3525.jpg","contentUrl":"https:\/\/orion-seasons.eu\/wp-content\/uploads\/2025\/09\/3525.jpg","width":1000,"height":1000},{"@type":"BreadcrumbList","@id":"https:\/\/orion-seasons.eu\/sl\/izdelek\/led-svetilke-skupina-1128-led-diod\/#breadcrumb","itemListElement":[{"@type":"ListItem","position":1,"name":"Po\u010detna stranica","item":"https:\/\/orion-seasons.eu\/sl\/domov\/"},{"@type":"ListItem","position":2,"name":"Trgovina","item":"https:\/\/orion-seasons.eu\/sl\/trgovina\/"},{"@type":"ListItem","position":3,"name":"LED LU\u010cKE &#8211; KLASTER, 1128 LED toplo bela"}]},{"@type":"WebSite","@id":"https:\/\/orion-seasons.eu\/#website","url":"https:\/\/orion-seasons.eu\/","name":"Orion Seasons","description":"","publisher":{"@id":"https:\/\/orion-seasons.eu\/#organization"},"potentialAction":[{"@type":"SearchAction","target":{"@type":"EntryPoint","urlTemplate":"https:\/\/orion-seasons.eu\/?s={search_term_string}"},"query-input":{"@type":"PropertyValueSpecification","valueRequired":true,"valueName":"search_term_string"}}],"inLanguage":"sl-SI"},{"@type":"Organization","@id":"https:\/\/orion-seasons.eu\/#organization","name":"Orion Seasons","url":"https:\/\/orion-seasons.eu\/","logo":{"@type":"ImageObject","inLanguage":"sl-SI","@id":"https:\/\/orion-seasons.eu\/#\/schema\/logo\/image\/","url":"https:\/\/orion-seasons.eu\/wp-content\/uploads\/2025\/07\/orion-seasons-2.svg","contentUrl":"https:\/\/orion-seasons.eu\/wp-content\/uploads\/2025\/07\/orion-seasons-2.svg","width":1,"height":1,"caption":"Orion Seasons"},"image":{"@id":"https:\/\/orion-seasons.eu\/#\/schema\/logo\/image\/"}}]}},"_links":{"self":[{"href":"https:\/\/orion-seasons.eu\/sl\/wp-json\/wp\/v2\/product\/3060","targetHints":{"allow":["GET"]}}],"collection":[{"href":"https:\/\/orion-seasons.eu\/sl\/wp-json\/wp\/v2\/product"}],"about":[{"href":"https:\/\/orion-seasons.eu\/sl\/wp-json\/wp\/v2\/types\/product"}],"replies":[{"embeddable":true,"href":"https:\/\/orion-seasons.eu\/sl\/wp-json\/wp\/v2\/comments?post=3060"}],"wp:featuredmedia":[{"embeddable":true,"href":"https:\/\/orion-seasons.eu\/sl\/wp-json\/wp\/v2\/media\/3063"}],"wp:attachment":[{"href":"https:\/\/orion-seasons.eu\/sl\/wp-json\/wp\/v2\/media?parent=3060"}],"wp:term":[{"taxonomy":"product_brand","embeddable":true,"href":"https:\/\/orion-seasons.eu\/sl\/wp-json\/wp\/v2\/product_brand?post=3060"},{"taxonomy":"product_cat","embeddable":true,"href":"https:\/\/orion-seasons.eu\/sl\/wp-json\/wp\/v2\/product_cat?post=3060"},{"taxonomy":"product_tag","embeddable":true,"href":"https:\/\/orion-seasons.eu\/sl\/wp-json\/wp\/v2\/product_tag?post=3060"}],"curies":[{"name":"wp","href":"https:\/\/api.w.org\/{rel}","templated":true}]}}